{"id":2,"date":"2022-02-23T19:24:17","date_gmt":"2022-02-23T19:24:17","guid":{"rendered":"http:\/\/doppelpass.vtheater.net\/?page_id=2"},"modified":"2022-03-07T17:06:06","modified_gmt":"2022-03-07T17:06:06","slug":"sample-page","status":"publish","type":"page","link":"https:\/\/doppelpass.vtheater.net\/","title":{"rendered":"\u2588"},"content":{"rendered":"\n<h2 class=\"wp-block-heading\"><strong>Social Virtuality<\/strong><br><strong>Dokumentation DOPPELPASS plus <\/strong><br><strong>2018-2020<\/strong><\/h2>\n\n\n\n<p><strong>CyberR\u00e4uber \/ Badisches Staatstheater Karlsruhe \/ Landestheater Linz<\/strong><br><br>Im Programm \u201eDoppelpass plus\u201c der Kulturstiftung des Bundes werden Kooperationen zwischen Freien K\u00fcnstlergruppen und Theaterinstitutionen, meistens Stadttheatern, gef\u00f6rdert. Unser Projekt \u201eSocial Virtuality\u201c war die Zusammenarbeit zwischen den CyberR\u00e4ubern, einem K\u00fcnstlerkollektiv aus Berlin, und dem Badischen Staatstheater in Karlsruhe, sowie dem Landestheater Linz (\u00d6sterreich).<br><br>W\u00e4hrend Doppelpass-Kooperationen h\u00e4ufig zwei Projekte beinhalten (eines mit jedem festen Haus), waren f\u00fcr \u201eSocial Virtuality\u201c ein umfangreicher Kick-off-Workshop des Kollektivs mit beiden H\u00e4usern, sowie insgesamt drei k\u00fcnstlerische Projekte geplant. Gegen\u00fcber den urspr\u00fcnglichen Pl\u00e4nen (drei Schauspiel-Produktionen mit zunehmendem Grad an Hybridisierung\/Verkn\u00fcpfung von analoger und virtueller B\u00fchne) entwickelten sich aus logistischen und k\u00fcnstlerischen Gr\u00fcnden, zuletzt aber auch durch die Auswirkungen der Covid-19-Pandemie, diese Projekte, \u00fcber die im weiteren Verlauf im Einzelnen berichtet wird.<\/p>\n\n\n\n<hr class=\"wp-block-separator\"\/>\n\n\n\n<figure class=\"wp-block-gallery has-nested-images columns-default is-cropped wp-block-gallery-1 is-layout-flex wp-block-gallery-is-layout-flex\">\n<figure class=\"wp-block-image size-large\"><img loading=\"lazy\" decoding=\"async\" width=\"2525\" height=\"1354\" data-id=\"14\" src=\"https:\/\/doppelpass.vtheater.net\/wp-content\/uploads\/2022\/03\/Kaspar11.jpg\" alt=\"\" class=\"wp-image-14\" srcset=\"https:\/\/doppelpass.vtheater.net\/wp-content\/uploads\/2022\/03\/Kaspar11.jpg 2525w, https:\/\/doppelpass.vtheater.net\/wp-content\/uploads\/2022\/03\/Kaspar11-300x161.jpg 300w, https:\/\/doppelpass.vtheater.net\/wp-content\/uploads\/2022\/03\/Kaspar11-1024x549.jpg 1024w, https:\/\/doppelpass.vtheater.net\/wp-content\/uploads\/2022\/03\/Kaspar11-768x412.jpg 768w, https:\/\/doppelpass.vtheater.net\/wp-content\/uploads\/2022\/03\/Kaspar11-1536x824.jpg 1536w, https:\/\/doppelpass.vtheater.net\/wp-content\/uploads\/2022\/03\/Kaspar11-2048x1098.jpg 2048w\" sizes=\"auto, (max-width: 767px) 89vw, (max-width: 1000px) 54vw, (max-width: 1071px) 543px, 580px\" \/><\/figure>\n\n\n\n<figure class=\"wp-block-image size-large\"><img loading=\"lazy\" decoding=\"async\" width=\"2000\" height=\"1200\" data-id=\"12\" src=\"https:\/\/doppelpass.vtheater.net\/wp-content\/uploads\/2022\/03\/cropped-Max_Punktwolke04.jpg\" alt=\"\" class=\"wp-image-12\" srcset=\"https:\/\/doppelpass.vtheater.net\/wp-content\/uploads\/2022\/03\/cropped-Max_Punktwolke04.jpg 2000w, https:\/\/doppelpass.vtheater.net\/wp-content\/uploads\/2022\/03\/cropped-Max_Punktwolke04-300x180.jpg 300w, https:\/\/doppelpass.vtheater.net\/wp-content\/uploads\/2022\/03\/cropped-Max_Punktwolke04-1024x614.jpg 1024w, https:\/\/doppelpass.vtheater.net\/wp-content\/uploads\/2022\/03\/cropped-Max_Punktwolke04-768x461.jpg 768w, https:\/\/doppelpass.vtheater.net\/wp-content\/uploads\/2022\/03\/cropped-Max_Punktwolke04-1536x922.jpg 1536w\" sizes=\"auto, (max-width: 767px) 89vw, (max-width: 1000px) 54vw, (max-width: 1071px) 543px, 580px\" \/><\/figure>\n<\/figure>\n\n\n\n<blockquote class=\"wp-block-quote is-layout-flow wp-block-quote-is-layout-flow\"><p><strong><a href=\"https:\/\/doppelpass.vtheater.net\/index.php\/freischutz\/\">Fragmente | Digital Freisch\u00fctz<\/a><\/strong><\/p><cite><em>mit dem Badischen Staatstheater, Sparte Oper, Badische Staatskapelle, Badischer Staatsopernchor<\/em><\/cite><\/blockquote>\n\n\n\nDie virtuellen Realit\u00e4ten der CyberR\u00e4uber erm\u00f6glichen hautnahe Begegnungen mit Max sowie Agathe, Kaspar und \u00c4nnchen und eine Perspektive auf den Freisch\u00fctz aus n\u00e4chster N\u00e4he. Die vier szenischen Fragmente unterliegen keiner Chronologie oder linearen\r\nErz\u00e4hlung. Sie laden ein, sie zu erkunden, umherzuschweifen, sie sogar individuell zu\r\ngestalten. Denn die Erfahrung ist nicht vorgegeben, sondern entsteht im Moment.\n\n\n\n<hr class=\"wp-block-separator\"\/>\n\n\n\n<figure class=\"wp-block-gallery has-nested-images columns-default is-cropped wp-block-gallery-2 is-layout-flex wp-block-gallery-is-layout-flex\">\n<figure class=\"wp-block-image size-large\"><img loading=\"lazy\" decoding=\"async\" width=\"2560\" height=\"1922\" data-id=\"19\" src=\"https:\/\/doppelpass.vtheater.net\/wp-content\/uploads\/2022\/03\/IMG_20191128_115149-1-scaled.jpg\" alt=\"\" class=\"wp-image-19\" srcset=\"https:\/\/doppelpass.vtheater.net\/wp-content\/uploads\/2022\/03\/IMG_20191128_115149-1-scaled.jpg 2560w, https:\/\/doppelpass.vtheater.net\/wp-content\/uploads\/2022\/03\/IMG_20191128_115149-1-300x225.jpg 300w, https:\/\/doppelpass.vtheater.net\/wp-content\/uploads\/2022\/03\/IMG_20191128_115149-1-1024x769.jpg 1024w, https:\/\/doppelpass.vtheater.net\/wp-content\/uploads\/2022\/03\/IMG_20191128_115149-1-768x577.jpg 768w, https:\/\/doppelpass.vtheater.net\/wp-content\/uploads\/2022\/03\/IMG_20191128_115149-1-1536x1153.jpg 1536w, https:\/\/doppelpass.vtheater.net\/wp-content\/uploads\/2022\/03\/IMG_20191128_115149-1-2048x1538.jpg 2048w\" sizes=\"auto, (max-width: 767px) 89vw, (max-width: 1000px) 54vw, (max-width: 1071px) 543px, 580px\" \/><\/figure>\n\n\n\n<figure class=\"wp-block-image size-large\"><img loading=\"lazy\" decoding=\"async\" width=\"2560\" height=\"1707\" data-id=\"69\" src=\"https:\/\/doppelpass.vtheater.net\/wp-content\/uploads\/2022\/03\/DSC_1266-scaled.jpg\" alt=\"\" class=\"wp-image-69\" srcset=\"https:\/\/doppelpass.vtheater.net\/wp-content\/uploads\/2022\/03\/DSC_1266-scaled.jpg 2560w, https:\/\/doppelpass.vtheater.net\/wp-content\/uploads\/2022\/03\/DSC_1266-300x200.jpg 300w, https:\/\/doppelpass.vtheater.net\/wp-content\/uploads\/2022\/03\/DSC_1266-1024x683.jpg 1024w, https:\/\/doppelpass.vtheater.net\/wp-content\/uploads\/2022\/03\/DSC_1266-768x512.jpg 768w, https:\/\/doppelpass.vtheater.net\/wp-content\/uploads\/2022\/03\/DSC_1266-1536x1024.jpg 1536w, https:\/\/doppelpass.vtheater.net\/wp-content\/uploads\/2022\/03\/DSC_1266-2048x1365.jpg 2048w\" sizes=\"auto, (max-width: 767px) 89vw, (max-width: 1000px) 54vw, (max-width: 1071px) 543px, 580px\" \/><\/figure>\n<\/figure>\n\n\n\n<blockquote class=\"wp-block-quote is-layout-flow wp-block-quote-is-layout-flow\"><p><strong><a href=\"https:\/\/doppelpass.vtheater.net\/index.php\/prometheus\/\">Prometheus unbound<\/a><\/strong><br><\/p><cite>mit dem Landestheater Linz, Sparte Schauspiel<\/cite><\/blockquote>\n\n\n\nPrometheus brachte den Menschen einst das Feuer und damit die Technik, die Zivilisation\nund die Kunst. Zur Strafe lie\u00df Zeus ihn an den Kaukasus schmieden, wo ihn regelm\u00e4\u00dfig ein Adler heimsuchte, um von seiner nachwachsenden Leber zu fressen. Die Macht des Fortschritts war trotzdem nicht mehr aufzuhalten.\nAusgehend von der antiken Prometheus-Legende haben sich die CyberR\u00e4uber \u2013 die Berliner Medienk\u00fcnstler Bj\u00f6rn Lengers und Marcel Karnapke \u2013 gemeinsam mit ihrem Ensemble auf\neine Forschungsreise begegeben, um nach dem Wesen von Kunst im digitalen Zeitalter zu fragen. Schlie\u00dflich bietet der aktuelle Stand der Technik \u2013 der im Englischen bezeichnenderweise\n\u201astate of the art\u2018 hei\u00dft \u2013 schon jetzt erstaunliche M\u00f6glichkeiten, auch f\u00fcrs Theater.\nDazu geh\u00f6rt auch die Entwicklung von sogenannter K\u00fcnstlicher Intelligenz \u2013 kurz KI \u2013, von der Stephen Hawking sagte, sie k\u00f6nne das Beste oder das Schlechteste sein, was der Menschheit\nje zugesto\u00dfen ist.\n\n\n\n<hr class=\"wp-block-separator\"\/>\n\n\n\n<figure class=\"wp-block-gallery has-nested-images columns-default is-cropped wp-block-gallery-3 is-layout-flex wp-block-gallery-is-layout-flex\">\n<figure class=\"wp-block-image size-large\"><img loading=\"lazy\" decoding=\"async\" width=\"1024\" height=\"576\" data-id=\"97\" src=\"https:\/\/doppelpass.vtheater.net\/wp-content\/uploads\/2022\/03\/07_YT_Thumbnail_Ballett-1024x576.png\" alt=\"\" class=\"wp-image-97\" srcset=\"https:\/\/doppelpass.vtheater.net\/wp-content\/uploads\/2022\/03\/07_YT_Thumbnail_Ballett-1024x576.png 1024w, https:\/\/doppelpass.vtheater.net\/wp-content\/uploads\/2022\/03\/07_YT_Thumbnail_Ballett-300x169.png 300w, https:\/\/doppelpass.vtheater.net\/wp-content\/uploads\/2022\/03\/07_YT_Thumbnail_Ballett-768x432.png 768w, https:\/\/doppelpass.vtheater.net\/wp-content\/uploads\/2022\/03\/07_YT_Thumbnail_Ballett.png 1280w\" sizes=\"auto, (max-width: 767px) 89vw, (max-width: 1000px) 54vw, (max-width: 1071px) 543px, 580px\" \/><\/figure>\n\n\n\n<figure class=\"wp-block-image size-large\"><img loading=\"lazy\" decoding=\"async\" width=\"1024\" height=\"640\" data-id=\"91\" src=\"https:\/\/doppelpass.vtheater.net\/wp-content\/uploads\/2022\/03\/AI_IMG-20200517-WA0007-1024x640.png\" alt=\"\" class=\"wp-image-91\" srcset=\"https:\/\/doppelpass.vtheater.net\/wp-content\/uploads\/2022\/03\/AI_IMG-20200517-WA0007-1024x640.png 1024w, https:\/\/doppelpass.vtheater.net\/wp-content\/uploads\/2022\/03\/AI_IMG-20200517-WA0007-300x188.png 300w, https:\/\/doppelpass.vtheater.net\/wp-content\/uploads\/2022\/03\/AI_IMG-20200517-WA0007-768x480.png 768w, https:\/\/doppelpass.vtheater.net\/wp-content\/uploads\/2022\/03\/AI_IMG-20200517-WA0007-1536x960.png 1536w, https:\/\/doppelpass.vtheater.net\/wp-content\/uploads\/2022\/03\/AI_IMG-20200517-WA0007-2048x1280.png 2048w\" sizes=\"auto, (max-width: 767px) 89vw, (max-width: 1000px) 54vw, (max-width: 1071px) 543px, 580px\" \/><\/figure>\n<\/figure>\n\n\n\n<blockquote class=\"wp-block-quote is-layout-flow wp-block-quote-is-layout-flow\"><p><strong><a href=\"https:\/\/doppelpass.vtheater.net\/index.php\/cyberballet\/\">CyberBallet<\/a><\/strong><\/p><cite>mit dem Badischen Staatstheater, Badisches Staatsballett<\/cite><\/blockquote>\n\n\n\nCyberBallet ist eine Tanz-Installation im Cyberspace: Was bedeutet es, einen K\u00f6rper zu haben, sich im Raum zu\r\nbewegen? Kann eine K\u00fcnstliche Intelligenz die Grundlagen der menschlichen Erfahrung wirklich erfassen, wenn ihr ein\r\nK\u00f6rper fehlt?\r\nIn Zusammenarbeit mit dem Badischen Staatsballett, dem Komponisten Micha Kaplan und dem Choreographen Ronni\r\nMaciel entstand ein Projekt, das sich im Verlauf der letzten 18 Monate immer wieder \u00e4nderte, eine k\u00fcnstlerische\r\nForschung mit dem Ziel, die Grundlagen der darstellenden Kunst in einer v\u00f6llig neuen Umgebung zu erlernen.\r\nDie Besucher*innen betreten die virtuelle B\u00fchne mithilfe einer VR-Brille. Sie begegnen den verschiedensten\r\nK\u00f6rperformen der Protagonistin, einer k\u00fcnstlichen Intelligenz, die ohne K\u00f6rper nicht in der Lage ist zu verstehen, was\r\nes bedeutet Mensch zu sein. Mit Bewegung, Licht und im Raum l\u00e4dt sie den einzelnen Gast zum metaphysischen\r\nDialog in einer der \u00e4ltesten Universalsprachen der Welt ein: dem Tanz.\r\nUmfangreiche Videoaufnahmen und Motion Capture von T\u00e4nzern dienen als Grundlage f\u00fcr maschinelles Lernen, um zu\r\nisolieren, zu analysieren und zu reagieren. Im clb Berlin kehrt das Projekt zu seinen Wurzeln als Installation zur\u00fcck: zur\r\nindividuellen, t\u00e4nzerischen Begegnung mit einer lernbegierigen KI.\n","protected":false},"excerpt":{"rendered":"<p>Social VirtualityDokumentation DOPPELPASS plus 2018-2020 CyberR\u00e4uber \/ Badisches Staatstheater Karlsruhe \/ Landestheater Linz Im Programm \u201eDoppelpass plus\u201c der Kulturstiftung des Bundes werden Kooperationen zwischen Freien K\u00fcnstlergruppen und Theaterinstitutionen, meistens Stadttheatern, gef\u00f6rdert. Unser Projekt \u201eSocial Virtuality\u201c war die Zusammenarbeit zwischen den CyberR\u00e4ubern, einem K\u00fcnstlerkollektiv aus Berlin, und dem Badischen Staatstheater in Karlsruhe, sowie dem Landestheater Linz &hellip; <\/p>\n<p class=\"link-more\"><a href=\"https:\/\/doppelpass.vtheater.net\/\" class=\"more-link\">Continue reading<span class=\"screen-reader-text\"> &#8220;\u2588&#8221;<\/span><\/a><\/p>\n","protected":false},"author":1,"featured_media":0,"parent":0,"menu_order":0,"comment_status":"closed","ping_status":"closed","template":"","meta":{"footnotes":""},"class_list":["post-2","page","type-page","status-publish","hentry"],"_links":{"self":[{"href":"https:\/\/doppelpass.vtheater.net\/index.php\/wp-json\/wp\/v2\/pages\/2","targetHints":{"allow":["GET"]}}],"collection":[{"href":"https:\/\/doppelpass.vtheater.net\/index.php\/wp-json\/wp\/v2\/pages"}],"about":[{"href":"https:\/\/doppelpass.vtheater.net\/index.php\/wp-json\/wp\/v2\/types\/page"}],"author":[{"embeddable":true,"href":"https:\/\/doppelpass.vtheater.net\/index.php\/wp-json\/wp\/v2\/users\/1"}],"replies":[{"embeddable":true,"href":"https:\/\/doppelpass.vtheater.net\/index.php\/wp-json\/wp\/v2\/comments?post=2"}],"version-history":[{"count":56,"href":"https:\/\/doppelpass.vtheater.net\/index.php\/wp-json\/wp\/v2\/pages\/2\/revisions"}],"predecessor-version":[{"id":103,"href":"https:\/\/doppelpass.vtheater.net\/index.php\/wp-json\/wp\/v2\/pages\/2\/revisions\/103"}],"wp:attachment":[{"href":"https:\/\/doppelpass.vtheater.net\/index.php\/wp-json\/wp\/v2\/media?parent=2"}],"curies":[{"name":"wp","href":"https:\/\/api.w.org\/{rel}","templated":true}]}}